{"id":967,"date":"2021-04-26T09:11:09","date_gmt":"2021-04-26T12:11:09","guid":{"rendered":"https:\/\/ceeduc.edu.br\/colegio\/?page_id=967"},"modified":"2025-08-21T17:37:36","modified_gmt":"2025-08-21T20:37:36","slug":"nossos-diferenciais","status":"publish","type":"page","link":"https:\/\/ceeduc.edu.br\/colegio\/nossos-diferenciais\/","title":{"rendered":"Nossos Diferenciais"},"content":{"rendered":"\t\t<div data-elementor-type=\"wp-page\" data-elementor-id=\"967\" class=\"elementor elementor-967\" data-elementor-post-type=\"page\">\n\t\t\t\t<div class=\"elementor-element elementor-element-d168c56 e-flex e-con-boxed e-con e-parent\" data-id=\"d168c56\" data-element_type=\"container\" data-e-type=\"container\" data-settings=\"{&quot;background_background&quot;:&quot;classic&quot;}\">\n\t\t\t\t\t<div class=\"e-con-inner\">\n\t\t<div class=\"elementor-element elementor-element-086f6e7 e-con-full e-flex e-con e-child\" data-id=\"086f6e7\" data-element_type=\"container\" data-e-type=\"container\">\n\t\t\t\t<div class=\"elementor-element elementor-element-21b657f elementor-widget elementor-widget-heading\" data-id=\"21b657f\" data-element_type=\"widget\" data-e-type=\"widget\" data-widget_type=\"heading.default\">\n\t\t\t\t\t<h2 class=\"elementor-heading-title elementor-size-default\">Nossos Diferenciais<\/h2>\t\t\t\t<\/div>\n\t\t\t\t<\/div>\n\t\t\t\t\t<\/div>\n\t\t\t\t<\/div>\n\t\t<div class=\"elementor-element elementor-element-228ca526 e-con-full e-flex e-con e-parent\" data-id=\"228ca526\" data-element_type=\"container\" data-e-type=\"container\" data-settings=\"{&quot;background_background&quot;:&quot;classic&quot;}\">\n\t\t<div class=\"elementor-element elementor-element-3b5e23b2 e-con-full e-flex e-con e-child\" data-id=\"3b5e23b2\" data-element_type=\"container\" data-e-type=\"container\" data-settings=\"{&quot;background_background&quot;:&quot;classic&quot;}\">\n\t\t\t\t<div class=\"elementor-element elementor-element-18be217 elementor-widget elementor-widget-image\" data-id=\"18be217\" data-element_type=\"widget\" data-e-type=\"widget\" data-widget_type=\"image.default\">\n\t\t\t\t\t\t\t\t\t\t\t\t\t\t\t<img fetchpriority=\"high\" decoding=\"async\" width=\"1920\" height=\"2560\" src=\"https:\/\/ceeduc.edu.br\/colegio\/wp-content\/uploads\/2025\/08\/IMG_7247-Editado2-scaled.png\" class=\"attachment-full size-full wp-image-2414\" alt=\"\" srcset=\"https:\/\/ceeduc.edu.br\/colegio\/wp-content\/uploads\/2025\/08\/IMG_7247-Editado2-scaled.png 1920w, https:\/\/ceeduc.edu.br\/colegio\/wp-content\/uploads\/2025\/08\/IMG_7247-Editado2-225x300.png 225w, https:\/\/ceeduc.edu.br\/colegio\/wp-content\/uploads\/2025\/08\/IMG_7247-Editado2-768x1024.png 768w, https:\/\/ceeduc.edu.br\/colegio\/wp-content\/uploads\/2025\/08\/IMG_7247-Editado2-1152x1536.png 1152w, https:\/\/ceeduc.edu.br\/colegio\/wp-content\/uploads\/2025\/08\/IMG_7247-Editado2-1536x2048.png 1536w\" sizes=\"(max-width: 1920px) 100vw, 1920px\" \/>\t\t\t\t\t\t\t\t\t\t\t\t\t\t\t<\/div>\n\t\t\t\t<\/div>\n\t\t<div class=\"elementor-element elementor-element-51211781 e-con-full e-flex e-con e-child\" data-id=\"51211781\" data-element_type=\"container\" data-e-type=\"container\">\n\t\t\t\t<div class=\"elementor-element elementor-element-3fbecd38 elementor-widget elementor-widget-heading\" data-id=\"3fbecd38\" data-element_type=\"widget\" data-e-type=\"widget\" data-widget_type=\"heading.default\">\n\t\t\t\t\t<h1 class=\"elementor-heading-title elementor-size-default\">Conveniado ao SPE<\/h1>\t\t\t\t<\/div>\n\t\t\t\t<div class=\"elementor-element elementor-element-1625cf35 elementor-widget elementor-widget-text-editor\" data-id=\"1625cf35\" data-element_type=\"widget\" data-e-type=\"widget\" data-widget_type=\"text-editor.default\">\n\t\t\t\t\t\t\t\t\t<p>Somos conveniados ao Sistema Positivo de Ensino. Um dos melhores materiais did\u00e1ticos e, aliado \u00e0 nossa excelente equipe docente, proporcionam o que h\u00e1 de melhor aos nossos estudantes.<\/p>\t\t\t\t\t\t\t\t<\/div>\n\t\t\t\t<div class=\"elementor-element elementor-element-742c619 elementor-widget elementor-widget-text-editor\" data-id=\"742c619\" data-element_type=\"widget\" data-e-type=\"widget\" data-widget_type=\"text-editor.default\">\n\t\t\t\t\t\t\t\t\tO Sistema Positivo de Ensino \u00e9 um dos melhores materiais did\u00e1ticos na atualidade: linguagem clara, ilustra\u00e7\u00f5es selecionadas obedecendo a crit\u00e9rios precisos em educa\u00e7\u00e3o, links e possibilidades instigando ao uso de plataformas virtuais e a constante atualiza\u00e7\u00e3o de seus conte\u00fados, entre outros tantos fatores, fazem do material SPE a melhor op\u00e7\u00e3o! Al\u00e9m disso, o SPE oferece ao nosso col\u00e9gio uma assessoria pedag\u00f3gica que potencializa ainda mais o trabalho docente oferecendo ao estudante uma educa\u00e7\u00e3o diferenciada.\t\t\t\t\t\t\t\t<\/div>\n\t\t\t\t<\/div>\n\t\t\t\t<\/div>\n\t\t<div class=\"elementor-element elementor-element-5d1ddfd e-con-full e-flex e-con e-parent\" data-id=\"5d1ddfd\" data-element_type=\"container\" data-e-type=\"container\" data-settings=\"{&quot;background_background&quot;:&quot;classic&quot;}\">\n\t\t<div class=\"elementor-element elementor-element-7ac8b4d2 e-con-full e-flex e-con e-child\" data-id=\"7ac8b4d2\" data-element_type=\"container\" data-e-type=\"container\">\n\t\t\t\t<div class=\"elementor-element elementor-element-4430ec6a elementor-widget elementor-widget-heading\" data-id=\"4430ec6a\" data-element_type=\"widget\" data-e-type=\"widget\" data-widget_type=\"heading.default\">\n\t\t\t\t\t<h2 class=\"elementor-heading-title elementor-size-default\">Estrutura e Ambientes de Aprendizagem<\/h2>\t\t\t\t<\/div>\n\t\t\t\t<div class=\"elementor-element elementor-element-55114b71 elementor-widget elementor-widget-text-editor\" data-id=\"55114b71\" data-element_type=\"widget\" data-e-type=\"widget\" data-widget_type=\"text-editor.default\">\n\t\t\t\t\t\t\t\t\t<p>No CEEDUC, oferecemos espa\u00e7os projetados para inspirar e potencializar o aprendizado. Nossas salas de aula s\u00e3o modernas e equipadas com tecnologias que tornam o ensino din\u00e2mico e interativo.<\/p><p>Contamos com uma biblioteca acolhedora, onde o conhecimento ganha vida, e um audit\u00f3rio vers\u00e1til para eventos educacionais e culturais.<\/p><p>Al\u00e9m disso, nossas \u00e1reas de recrea\u00e7\u00e3o foram planejadas para garantir momentos de lazer e socializa\u00e7\u00e3o, proporcionando um equil\u00edbrio saud\u00e1vel entre estudo e divers\u00e3o. Aqui, cada ambiente foi pensado para apoiar o desenvolvimento integral dos nossos alunos.<\/p>\t\t\t\t\t\t\t\t<\/div>\n\t\t\t\t<\/div>\n\t\t<div class=\"elementor-element elementor-element-16ecb316 e-con-full e-flex e-con e-child\" data-id=\"16ecb316\" data-element_type=\"container\" data-e-type=\"container\">\n\t\t\t\t<div class=\"elementor-element elementor-element-49626d4b elementor-widget elementor-widget-image\" data-id=\"49626d4b\" data-element_type=\"widget\" data-e-type=\"widget\" data-widget_type=\"image.default\">\n\t\t\t\t\t\t\t\t\t\t\t\t\t\t\t<img decoding=\"async\" width=\"800\" height=\"452\" src=\"https:\/\/ceeduc.edu.br\/colegio\/wp-content\/uploads\/2025\/08\/IMG_7260-1-scaled-e1755633110309-1024x578.jpg\" class=\"attachment-large size-large wp-image-2320\" alt=\"\" srcset=\"https:\/\/ceeduc.edu.br\/colegio\/wp-content\/uploads\/2025\/08\/IMG_7260-1-scaled-e1755633110309-1024x578.jpg 1024w, https:\/\/ceeduc.edu.br\/colegio\/wp-content\/uploads\/2025\/08\/IMG_7260-1-scaled-e1755633110309-300x169.jpg 300w, https:\/\/ceeduc.edu.br\/colegio\/wp-content\/uploads\/2025\/08\/IMG_7260-1-scaled-e1755633110309-768x434.jpg 768w, https:\/\/ceeduc.edu.br\/colegio\/wp-content\/uploads\/2025\/08\/IMG_7260-1-scaled-e1755633110309-1536x867.jpg 1536w, https:\/\/ceeduc.edu.br\/colegio\/wp-content\/uploads\/2025\/08\/IMG_7260-1-scaled-e1755633110309.jpg 1920w\" sizes=\"(max-width: 800px) 100vw, 800px\" \/>\t\t\t\t\t\t\t\t\t\t\t\t\t\t\t<\/div>\n\t\t\t\t<\/div>\n\t\t\t\t<\/div>\n\t\t<div class=\"elementor-element elementor-element-5e0b443e e-con-full e-flex e-con e-parent\" data-id=\"5e0b443e\" data-element_type=\"container\" data-e-type=\"container\" data-settings=\"{&quot;background_background&quot;:&quot;classic&quot;}\">\n\t\t<div class=\"elementor-element elementor-element-6523fb9e e-con-full e-flex e-con e-child\" data-id=\"6523fb9e\" data-element_type=\"container\" data-e-type=\"container\">\n\t\t\t\t<div class=\"elementor-element elementor-element-5f01c9b0 elementor-widget elementor-widget-heading\" data-id=\"5f01c9b0\" data-element_type=\"widget\" data-e-type=\"widget\" data-widget_type=\"heading.default\">\n\t\t\t\t\t<h2 class=\"elementor-heading-title elementor-size-default\">Proposta Pedag\u00f3gica Inovadora<\/h2>\t\t\t\t<\/div>\n\t\t\t\t<div class=\"elementor-element elementor-element-1ada9b11 elementor-widget elementor-widget-text-editor\" data-id=\"1ada9b11\" data-element_type=\"widget\" data-e-type=\"widget\" data-widget_type=\"text-editor.default\">\n\t\t\t\t\t\t\t\t\tNossa abordagem pedag\u00f3gica vai al\u00e9m do ensino tradicional. No CEEDUC, oferecemos m\u00e9todos de ensino modernos e personalizados, que respeitam o ritmo e o estilo de aprendizagem de cada aluno. Buscamos despertar o interesse pelo conhecimento de forma criativa e instigante, incentivando o pensamento cr\u00edtico e a autonomia. Com uma vis\u00e3o educacional que integra valores humanos e excel\u00eancia acad\u00eamica, preparamos nossos alunos para enfrentar os desafios do futuro com confian\u00e7a e responsabilidade.\t\t\t\t\t\t\t\t<\/div>\n\t\t\t\t<\/div>\n\t\t<div class=\"elementor-element elementor-element-59a970fd e-con-full e-flex e-con e-child\" data-id=\"59a970fd\" data-element_type=\"container\" data-e-type=\"container\">\n\t\t\t\t<div class=\"elementor-element elementor-element-eee3c9f elementor-widget elementor-widget-image\" data-id=\"eee3c9f\" data-element_type=\"widget\" data-e-type=\"widget\" data-widget_type=\"image.default\">\n\t\t\t\t\t\t\t\t\t\t\t\t\t\t\t<img decoding=\"async\" width=\"800\" height=\"450\" src=\"https:\/\/ceeduc.edu.br\/colegio\/wp-content\/uploads\/2025\/08\/IMG_5622-1024x576.jpg\" class=\"attachment-large size-large wp-image-2520\" alt=\"\" srcset=\"https:\/\/ceeduc.edu.br\/colegio\/wp-content\/uploads\/2025\/08\/IMG_5622-1024x576.jpg 1024w, https:\/\/ceeduc.edu.br\/colegio\/wp-content\/uploads\/2025\/08\/IMG_5622-300x169.jpg 300w, https:\/\/ceeduc.edu.br\/colegio\/wp-content\/uploads\/2025\/08\/IMG_5622-768x432.jpg 768w, https:\/\/ceeduc.edu.br\/colegio\/wp-content\/uploads\/2025\/08\/IMG_5622-1536x864.jpg 1536w, https:\/\/ceeduc.edu.br\/colegio\/wp-content\/uploads\/2025\/08\/IMG_5622-2048x1152.jpg 2048w\" sizes=\"(max-width: 800px) 100vw, 800px\" \/>\t\t\t\t\t\t\t\t\t\t\t\t\t\t\t<\/div>\n\t\t\t\t<\/div>\n\t\t\t\t<\/div>\n\t\t<div class=\"elementor-element elementor-element-552562df e-con-full e-flex e-con e-parent\" data-id=\"552562df\" data-element_type=\"container\" data-e-type=\"container\" data-settings=\"{&quot;background_background&quot;:&quot;classic&quot;}\">\n\t\t<div class=\"elementor-element elementor-element-47527790 e-con-full e-flex e-con e-child\" data-id=\"47527790\" data-element_type=\"container\" data-e-type=\"container\">\n\t\t\t\t<div class=\"elementor-element elementor-element-59e566a7 elementor-widget elementor-widget-heading\" data-id=\"59e566a7\" data-element_type=\"widget\" data-e-type=\"widget\" data-widget_type=\"heading.default\">\n\t\t\t\t\t<h2 class=\"elementor-heading-title elementor-size-default\">Perfil dos Educadores<\/h2>\t\t\t\t<\/div>\n\t\t\t\t<div class=\"elementor-element elementor-element-6a77c291 elementor-widget elementor-widget-text-editor\" data-id=\"6a77c291\" data-element_type=\"widget\" data-e-type=\"widget\" data-widget_type=\"text-editor.default\">\n\t\t\t\t\t\t\t\t\t<p>Nosso corpo docente \u00e9 composto por profissionais altamente qualificados, comprometidos com a educa\u00e7\u00e3o por princ\u00edpios de excel\u00eancia.<\/p>\n<p>No CEEDUC, nossos professores possuem ampla experi\u00eancia e est\u00e3o em constante atualiza\u00e7\u00e3o, garantindo que cada aluno receba o melhor em termos de conhecimento e orienta\u00e7\u00e3o.<\/p>\n<p>Mais do que educadores, s\u00e3o mentores que acompanham o desenvolvimento de cada estudante, promovendo uma forma\u00e7\u00e3o integral que une saber acad\u00eamico, \u00e9tica e cidadania.<\/p><p><span class=\"a_GcMg font-feature-liga-off font-feature-clig-off font-feature-calt-off text-decoration-none text-strikethrough-none\" style=\"color: rgba(29,29,27,var(--O42jJQ,1)); caret-color: rgb(29, 29, 27); --Ys-XuQ: none; font-kerning: none;\">Aqui, o aprendizado \u00e9 conduzido por quem entende e valoriza a educa\u00e7\u00e3o como uma ferramenta de transforma\u00e7\u00e3o.<\/span><\/p>\t\t\t\t\t\t\t\t<\/div>\n\t\t\t\t<\/div>\n\t\t<div class=\"elementor-element elementor-element-25bc0ca e-con-full e-flex e-con e-child\" data-id=\"25bc0ca\" data-element_type=\"container\" data-e-type=\"container\">\n\t\t\t\t<div class=\"elementor-element elementor-element-47a6b706 elementor-widget elementor-widget-image\" data-id=\"47a6b706\" data-element_type=\"widget\" data-e-type=\"widget\" data-widget_type=\"image.default\">\n\t\t\t\t\t\t\t\t\t\t\t\t\t\t\t<img loading=\"lazy\" decoding=\"async\" width=\"800\" height=\"450\" src=\"https:\/\/ceeduc.edu.br\/colegio\/wp-content\/uploads\/2025\/08\/IMG_2458-1024x576.jpg\" class=\"attachment-large size-large wp-image-2516\" alt=\"\" srcset=\"https:\/\/ceeduc.edu.br\/colegio\/wp-content\/uploads\/2025\/08\/IMG_2458-1024x576.jpg 1024w, https:\/\/ceeduc.edu.br\/colegio\/wp-content\/uploads\/2025\/08\/IMG_2458-300x169.jpg 300w, https:\/\/ceeduc.edu.br\/colegio\/wp-content\/uploads\/2025\/08\/IMG_2458-768x432.jpg 768w, https:\/\/ceeduc.edu.br\/colegio\/wp-content\/uploads\/2025\/08\/IMG_2458-1536x864.jpg 1536w, https:\/\/ceeduc.edu.br\/colegio\/wp-content\/uploads\/2025\/08\/IMG_2458-2048x1152.jpg 2048w\" sizes=\"(max-width: 800px) 100vw, 800px\" \/>\t\t\t\t\t\t\t\t\t\t\t\t\t\t\t<\/div>\n\t\t\t\t<\/div>\n\t\t\t\t<\/div>\n\t\t\t\t<\/div>\n\t\t","protected":false},"excerpt":{"rendered":"<p>Nossos Diferenciais Conveniado ao SPE Somos conveniados ao Sistema Positivo de Ensino. Um dos melhores materiais did\u00e1ticos e, aliado \u00e0 nossa excelente equipe docente, proporcionam o que h\u00e1 de melhor aos nossos estudantes. O Sistema Positivo de Ensino \u00e9 um dos melhores materiais did\u00e1ticos na atualidade: linguagem clara, ilustra\u00e7\u00f5es selecionadas obedecendo a crit\u00e9rios precisos em [&hellip;]<\/p>\n","protected":false},"author":1,"featured_media":0,"parent":0,"menu_order":0,"comment_status":"closed","ping_status":"closed","template":"elementor_header_footer","meta":{"footnotes":""},"class_list":["post-967","page","type-page","status-publish","hentry"],"_links":{"self":[{"href":"https:\/\/ceeduc.edu.br\/colegio\/wp-json\/wp\/v2\/pages\/967","targetHints":{"allow":["GET"]}}],"collection":[{"href":"https:\/\/ceeduc.edu.br\/colegio\/wp-json\/wp\/v2\/pages"}],"about":[{"href":"https:\/\/ceeduc.edu.br\/colegio\/wp-json\/wp\/v2\/types\/page"}],"author":[{"embeddable":true,"href":"https:\/\/ceeduc.edu.br\/colegio\/wp-json\/wp\/v2\/users\/1"}],"replies":[{"embeddable":true,"href":"https:\/\/ceeduc.edu.br\/colegio\/wp-json\/wp\/v2\/comments?post=967"}],"version-history":[{"count":79,"href":"https:\/\/ceeduc.edu.br\/colegio\/wp-json\/wp\/v2\/pages\/967\/revisions"}],"predecessor-version":[{"id":2532,"href":"https:\/\/ceeduc.edu.br\/colegio\/wp-json\/wp\/v2\/pages\/967\/revisions\/2532"}],"wp:attachment":[{"href":"https:\/\/ceeduc.edu.br\/colegio\/wp-json\/wp\/v2\/media?parent=967"}],"curies":[{"name":"wp","href":"https:\/\/api.w.org\/{rel}","templated":true}]}}